{"id":1205,"date":"2021-04-08T16:00:04","date_gmt":"2021-04-08T16:00:04","guid":{"rendered":"https:\/\/test.personaltrail.jimenezhidalgo.es\/?page_id=1205"},"modified":"2023-02-27T17:47:39","modified_gmt":"2023-02-27T16:47:39","slug":"videos","status":"publish","type":"page","link":"https:\/\/personaltrail.es\/en\/videos\/","title":{"rendered":"Videos"},"content":{"rendered":"<div data-elementor-type=\"wp-page\" data-elementor-id=\"1205\" class=\"elementor elementor-1205\" data-elementor-post-type=\"page\">\n\t\t\t\t\t\t<section class=\"elementor-section elementor-top-section elementor-element elementor-element-e77f4cf elementor-section-full_width elementor-section-height-min-height elementor-section-height-default elementor-section-items-middle\" data-id=\"e77f4cf\" data-element_type=\"section\" data-e-type=\"section\" data-settings=\"{&quot;background_background&quot;:&quot;classic&quot;,&quot;background_motion_fx_motion_fx_scrolling&quot;:&quot;yes&quot;,&quot;background_motion_fx_translateY_effect&quot;:&quot;yes&quot;,&quot;background_motion_fx_translateY_speed&quot;:{&quot;unit&quot;:&quot;px&quot;,&quot;size&quot;:6,&quot;sizes&quot;:[]},&quot;background_motion_fx_range&quot;:&quot;page&quot;,&quot;background_motion_fx_translateY_affectedRange&quot;:{&quot;unit&quot;:&quot;%&quot;,&quot;size&quot;:&quot;&quot;,&quot;sizes&quot;:{&quot;start&quot;:0,&quot;end&quot;:100}},&quot;background_motion_fx_devices&quot;:[&quot;desktop&quot;,&quot;tablet&quot;,&quot;mobile&quot;]}\">\n\t\t\t\t\t\t\t<div class=\"elementor-background-overlay\"><\/div>\n\t\t\t\t\t\t\t<div class=\"elementor-container elementor-column-gap-default\">\n\t\t\t\t\t<div class=\"elementor-column elementor-col-100 elementor-top-column elementor-element elementor-element-97ffef3\" data-id=\"97ffef3\" data-element_type=\"column\" data-e-type=\"column\">\n\t\t\t<div class=\"elementor-widget-wrap elementor-element-populated\">\n\t\t\t\t\t\t<div class=\"elementor-element elementor-element-2aeaecb elementor-absolute elementor-hidden-phone elementor-widget elementor-widget-heading\" data-id=\"2aeaecb\" data-element_type=\"widget\" data-e-type=\"widget\" data-settings=\"{&quot;_position&quot;:&quot;absolute&quot;,&quot;motion_fx_motion_fx_scrolling&quot;:&quot;yes&quot;,&quot;motion_fx_translateY_effect&quot;:&quot;yes&quot;,&quot;motion_fx_translateY_speed&quot;:{&quot;unit&quot;:&quot;px&quot;,&quot;size&quot;:6,&quot;sizes&quot;:[]},&quot;motion_fx_blur_effect&quot;:&quot;yes&quot;,&quot;motion_fx_blur_direction&quot;:&quot;in-out&quot;,&quot;motion_fx_blur_range&quot;:{&quot;unit&quot;:&quot;%&quot;,&quot;size&quot;:&quot;&quot;,&quot;sizes&quot;:{&quot;start&quot;:57,&quot;end&quot;:73}},&quot;motion_fx_devices&quot;:[&quot;desktop&quot;],&quot;motion_fx_translateY_affectedRange&quot;:{&quot;unit&quot;:&quot;%&quot;,&quot;size&quot;:&quot;&quot;,&quot;sizes&quot;:{&quot;start&quot;:0,&quot;end&quot;:100}},&quot;motion_fx_blur_level&quot;:{&quot;unit&quot;:&quot;px&quot;,&quot;size&quot;:7,&quot;sizes&quot;:[]}}\" data-widget_type=\"heading.default\">\n\t\t\t\t<div class=\"elementor-widget-container\">\n\t\t\t\t\t<h1 class=\"elementor-heading-title elementor-size-default\">magazine<\/h1>\t\t\t\t<\/div>\n\t\t\t\t<\/div>\n\t\t\t\t<section class=\"elementor-section elementor-inner-section elementor-element elementor-element-19e6794 elementor-section-boxed elementor-section-height-default elementor-section-height-default\" data-id=\"19e6794\" data-element_type=\"section\" data-e-type=\"section\">\n\t\t\t\t\t\t<div class=\"elementor-container elementor-column-gap-default\">\n\t\t\t\t\t<div class=\"elementor-column elementor-col-100 elementor-inner-column elementor-element elementor-element-96a0cf4\" data-id=\"96a0cf4\" data-element_type=\"column\" data-e-type=\"column\">\n\t\t\t<div class=\"elementor-widget-wrap elementor-element-populated\">\n\t\t\t\t\t\t<div class=\"elementor-element elementor-element-8dbeae0 eael-dual-header-content-align-center elementor-widget elementor-widget-eael-dual-color-header\" data-id=\"8dbeae0\" data-element_type=\"widget\" data-e-type=\"widget\" data-settings=\"{&quot;motion_fx_motion_fx_scrolling&quot;:&quot;yes&quot;,&quot;motion_fx_opacity_effect&quot;:&quot;yes&quot;,&quot;motion_fx_opacity_direction&quot;:&quot;in-out&quot;,&quot;motion_fx_opacity_range&quot;:{&quot;unit&quot;:&quot;%&quot;,&quot;size&quot;:&quot;&quot;,&quot;sizes&quot;:{&quot;start&quot;:66,&quot;end&quot;:100}},&quot;motion_fx_blur_effect&quot;:&quot;yes&quot;,&quot;motion_fx_blur_direction&quot;:&quot;in-out&quot;,&quot;motion_fx_blur_level&quot;:{&quot;unit&quot;:&quot;px&quot;,&quot;size&quot;:3,&quot;sizes&quot;:[]},&quot;motion_fx_blur_range&quot;:{&quot;unit&quot;:&quot;%&quot;,&quot;size&quot;:&quot;&quot;,&quot;sizes&quot;:{&quot;start&quot;:70,&quot;end&quot;:100}},&quot;motion_fx_opacity_level&quot;:{&quot;unit&quot;:&quot;px&quot;,&quot;size&quot;:10,&quot;sizes&quot;:[]},&quot;motion_fx_devices&quot;:[&quot;desktop&quot;,&quot;tablet&quot;,&quot;mobile&quot;]}\" data-widget_type=\"eael-dual-color-header.default\">\n\t\t\t\t<div class=\"elementor-widget-container\">\n\t\t\t\t\t\t\t\t<div class=\"eael-dual-header\">\n\t\t\t\t<h2 class=\"title eael-dch-title\"><span class=\"eael-dch-title-text eael-dch-title-lead lead solid-color\">videos<\/span> <span class=\"eael-dch-title-text\"><\/span><\/h2>\t\t\t<\/div>\n\n\t\t\t\t\t\t<\/div>\n\t\t\t\t<\/div>\n\t\t\t\t\t<\/div>\n\t\t<\/div>\n\t\t\t\t\t<\/div>\n\t\t<\/section>\n\t\t\t\t\t<\/div>\n\t\t<\/div>\n\t\t\t\t\t<\/div>\n\t\t<\/section>\n\t\t\t\t<section class=\"elementor-section elementor-top-section elementor-element elementor-element-ed926c9 elementor-section-boxed elementor-section-height-default elementor-section-height-default\" data-id=\"ed926c9\" data-element_type=\"section\" data-e-type=\"section\">\n\t\t\t\t\t\t<div class=\"elementor-container elementor-column-gap-default\">\n\t\t\t\t\t<div class=\"elementor-column elementor-col-100 elementor-top-column elementor-element elementor-element-b9e9c15\" data-id=\"b9e9c15\" data-element_type=\"column\" data-e-type=\"column\">\n\t\t\t<div class=\"elementor-widget-wrap elementor-element-populated\">\n\t\t\t\t\t\t<div class=\"elementor-element elementor-element-f1b0e0d elementor-share-buttons--view-icon elementor-share-buttons--skin-flat elementor-share-buttons--align-right elementor-share-buttons-mobile--align-center elementor-share-buttons--shape-square elementor-grid-0 elementor-share-buttons--color-official elementor-widget elementor-widget-global elementor-global-3790 elementor-widget-share-buttons\" data-id=\"f1b0e0d\" data-element_type=\"widget\" data-e-type=\"widget\" data-widget_type=\"share-buttons.default\">\n\t\t\t\t<div class=\"elementor-widget-container\">\n\t\t\t\t\t\t\t<div class=\"elementor-grid\">\n\t\t\t\t\t\t\t\t<div class=\"elementor-grid-item\">\n\t\t\t\t\t\t<div\n\t\t\t\t\t\t\tclass=\"elementor-share-btn elementor-share-btn_facebook\"\n\t\t\t\t\t\t\trole=\"button\"\n\t\t\t\t\t\t\ttabindex=\"0\"\n\t\t\t\t\t\t\taria-label=\"Share on facebook\"\n\t\t\t\t\t\t>\n\t\t\t\t\t\t\t\t\t\t\t\t\t\t\t<span class=\"elementor-share-btn__icon\">\n\t\t\t\t\t\t\t\t<i class=\"fab fa-facebook\" aria-hidden=\"true\"><\/i>\t\t\t\t\t\t\t<\/span>\n\t\t\t\t\t\t\t\t\t\t\t\t\t\t\t\t\t\t\t\t<\/div>\n\t\t\t\t\t<\/div>\n\t\t\t\t\t\t\t\t\t<div class=\"elementor-grid-item\">\n\t\t\t\t\t\t<div\n\t\t\t\t\t\t\tclass=\"elementor-share-btn elementor-share-btn_twitter\"\n\t\t\t\t\t\t\trole=\"button\"\n\t\t\t\t\t\t\ttabindex=\"0\"\n\t\t\t\t\t\t\taria-label=\"Share on twitter\"\n\t\t\t\t\t\t>\n\t\t\t\t\t\t\t\t\t\t\t\t\t\t\t<span class=\"elementor-share-btn__icon\">\n\t\t\t\t\t\t\t\t<i class=\"fab fa-twitter\" aria-hidden=\"true\"><\/i>\t\t\t\t\t\t\t<\/span>\n\t\t\t\t\t\t\t\t\t\t\t\t\t\t\t\t\t\t\t\t<\/div>\n\t\t\t\t\t<\/div>\n\t\t\t\t\t\t\t\t\t<div class=\"elementor-grid-item\">\n\t\t\t\t\t\t<div\n\t\t\t\t\t\t\tclass=\"elementor-share-btn elementor-share-btn_whatsapp\"\n\t\t\t\t\t\t\trole=\"button\"\n\t\t\t\t\t\t\ttabindex=\"0\"\n\t\t\t\t\t\t\taria-label=\"Share on whatsapp\"\n\t\t\t\t\t\t>\n\t\t\t\t\t\t\t\t\t\t\t\t\t\t\t<span class=\"elementor-share-btn__icon\">\n\t\t\t\t\t\t\t\t<i class=\"fab fa-whatsapp\" aria-hidden=\"true\"><\/i>\t\t\t\t\t\t\t<\/span>\n\t\t\t\t\t\t\t\t\t\t\t\t\t\t\t\t\t\t\t\t<\/div>\n\t\t\t\t\t<\/div>\n\t\t\t\t\t\t\t\t\t<div class=\"elementor-grid-item\">\n\t\t\t\t\t\t<div\n\t\t\t\t\t\t\tclass=\"elementor-share-btn elementor-share-btn_reddit\"\n\t\t\t\t\t\t\trole=\"button\"\n\t\t\t\t\t\t\ttabindex=\"0\"\n\t\t\t\t\t\t\taria-label=\"Share on reddit\"\n\t\t\t\t\t\t>\n\t\t\t\t\t\t\t\t\t\t\t\t\t\t\t<span class=\"elementor-share-btn__icon\">\n\t\t\t\t\t\t\t\t<i class=\"fab fa-reddit\" aria-hidden=\"true\"><\/i>\t\t\t\t\t\t\t<\/span>\n\t\t\t\t\t\t\t\t\t\t\t\t\t\t\t\t\t\t\t\t<\/div>\n\t\t\t\t\t<\/div>\n\t\t\t\t\t\t<\/div>\n\t\t\t\t\t\t<\/div>\n\t\t\t\t<\/div>\n\t\t\t\t<div class=\"elementor-element elementor-element-80cf3da elementor-grid-3 elementor-grid-tablet-2 elementor-grid-mobile-1 elementor-posts--thumbnail-top elementor-widget elementor-widget-posts\" data-id=\"80cf3da\" data-element_type=\"widget\" data-e-type=\"widget\" data-settings=\"{&quot;pagination_type&quot;:&quot;numbers_and_prev_next&quot;,&quot;classic_masonry&quot;:&quot;yes&quot;,&quot;classic_columns&quot;:&quot;3&quot;,&quot;classic_columns_tablet&quot;:&quot;2&quot;,&quot;classic_columns_mobile&quot;:&quot;1&quot;,&quot;classic_row_gap&quot;:{&quot;unit&quot;:&quot;px&quot;,&quot;size&quot;:35,&quot;sizes&quot;:[]},&quot;classic_row_gap_tablet&quot;:{&quot;unit&quot;:&quot;px&quot;,&quot;size&quot;:&quot;&quot;,&quot;sizes&quot;:[]},&quot;classic_row_gap_mobile&quot;:{&quot;unit&quot;:&quot;px&quot;,&quot;size&quot;:&quot;&quot;,&quot;sizes&quot;:[]}}\" data-widget_type=\"posts.classic\">\n\t\t\t\t<div class=\"elementor-widget-container\">\n\t\t\t\t\t\t\t<div class=\"elementor-posts-container elementor-posts elementor-posts--skin-classic elementor-grid\">\n\t\t\t\t<article class=\"elementor-post elementor-grid-item post-4978 articulo type-articulo status-publish has-post-thumbnail hentry category-articulo tag-elegir-moto-trail tag-motos-trail\">\n\t\t\t\t<a class=\"elementor-post__thumbnail__link\" href=\"https:\/\/personaltrail.es\/en\/articulo\/cilindrada-potencia-motos-trail-cual-mejor\/\" tabindex=\"-1\" >\n\t\t\t<div class=\"elementor-post__thumbnail\"><img fetchpriority=\"high\" decoding=\"async\" width=\"300\" height=\"200\" src=\"https:\/\/personaltrail.es\/wp-content\/uploads\/2022\/12\/ApriliaTuareg660Pres22_JOC1960-300x200.jpg\" class=\"attachment-medium size-medium wp-image-4767\" alt=\"\" srcset=\"https:\/\/personaltrail.es\/wp-content\/uploads\/2022\/12\/ApriliaTuareg660Pres22_JOC1960-300x200.jpg 300w, https:\/\/personaltrail.es\/wp-content\/uploads\/2022\/12\/ApriliaTuareg660Pres22_JOC1960-1024x682.jpg 1024w, https:\/\/personaltrail.es\/wp-content\/uploads\/2022\/12\/ApriliaTuareg660Pres22_JOC1960-768x512.jpg 768w, https:\/\/personaltrail.es\/wp-content\/uploads\/2022\/12\/ApriliaTuareg660Pres22_JOC1960.jpg 1280w\" sizes=\"(max-width: 300px) 100vw, 300px\" \/><\/div>\n\t\t<\/a>\n\t\t\t\t<div class=\"elementor-post__text\">\n\t\t\t\t<h3 class=\"elementor-post__title\">\n\t\t\t<a href=\"https:\/\/personaltrail.es\/en\/articulo\/cilindrada-potencia-motos-trail-cual-mejor\/\" >\n\t\t\t\tDisplacement and power in Trail motorcycles. Which is better?\t\t\t<\/a>\n\t\t<\/h3>\n\t\t\t\t<div class=\"elementor-post__meta-data\">\n\t\t\t\t\t<span class=\"elementor-post-date\">\n\t\t\tFebruary 6, 2023\t\t<\/span>\n\t\t\t\t<\/div>\n\t\t\t\t<div class=\"elementor-post__excerpt\">\n\t\t\t<p>The displacement and power of the motorcycles totally influence their behavior. In this video we are going to see what sensations each of the displacements available in the Trail world give us in the field.<\/p>\n\t\t<\/div>\n\t\t\n\t\t<a class=\"elementor-post__read-more\" href=\"https:\/\/personaltrail.es\/en\/articulo\/cilindrada-potencia-motos-trail-cual-mejor\/\" aria-label=\"Read more about Displacement and power in Trail motorcycles. Which is better?\" tabindex=\"-1\" >\n\t\t\tRead More &gt;&gt;\t\t<\/a>\n\n\t\t\t\t<\/div>\n\t\t\t\t<\/article>\n\t\t\t\t<article class=\"elementor-post elementor-grid-item post-4976 articulo type-articulo status-publish has-post-thumbnail hentry category-articulo tag-electronica-moto tag-motos-trail\">\n\t\t\t\t<a class=\"elementor-post__thumbnail__link\" href=\"https:\/\/personaltrail.es\/en\/articulo\/electronica-motos-trail-todo-debes-saber\/\" tabindex=\"-1\" >\n\t\t\t<div class=\"elementor-post__thumbnail\"><img decoding=\"async\" width=\"300\" height=\"200\" src=\"https:\/\/personaltrail.es\/wp-content\/uploads\/2022\/12\/1MC6646-300x200.jpg\" class=\"attachment-medium size-medium wp-image-4771\" alt=\"\" srcset=\"https:\/\/personaltrail.es\/wp-content\/uploads\/2022\/12\/1MC6646-300x200.jpg 300w, https:\/\/personaltrail.es\/wp-content\/uploads\/2022\/12\/1MC6646-1024x682.jpg 1024w, https:\/\/personaltrail.es\/wp-content\/uploads\/2022\/12\/1MC6646-768x512.jpg 768w, https:\/\/personaltrail.es\/wp-content\/uploads\/2022\/12\/1MC6646.jpg 1280w\" sizes=\"(max-width: 300px) 100vw, 300px\" \/><\/div>\n\t\t<\/a>\n\t\t\t\t<div class=\"elementor-post__text\">\n\t\t\t\t<h3 class=\"elementor-post__title\">\n\t\t\t<a href=\"https:\/\/personaltrail.es\/en\/articulo\/electronica-motos-trail-todo-debes-saber\/\" >\n\t\t\t\tElectronics on Trail motorcycles, everything you need to know\t\t\t<\/a>\n\t\t<\/h3>\n\t\t\t\t<div class=\"elementor-post__meta-data\">\n\t\t\t\t\t<span class=\"elementor-post-date\">\n\t\t\tFebruary 6, 2023\t\t<\/span>\n\t\t\t\t<\/div>\n\t\t\t\t<div class=\"elementor-post__excerpt\">\n\t\t\t<p>Electronics are increasingly present in the world of street motorcycles. In the case of Trail motorcycles, the electronic aids must be for road and countryside, some being more interesting than others.<\/p>\n\t\t<\/div>\n\t\t\n\t\t<a class=\"elementor-post__read-more\" href=\"https:\/\/personaltrail.es\/en\/articulo\/electronica-motos-trail-todo-debes-saber\/\" aria-label=\"Read more about Electronics in Trail motorcycles, everything you need to know\" tabindex=\"-1\" >\n\t\t\tRead More &gt;&gt;\t\t<\/a>\n\n\t\t\t\t<\/div>\n\t\t\t\t<\/article>\n\t\t\t\t<article class=\"elementor-post elementor-grid-item post-4970 articulo type-articulo status-publish has-post-thumbnail hentry category-articulo\">\n\t\t\t\t<a class=\"elementor-post__thumbnail__link\" href=\"https:\/\/personaltrail.es\/en\/articulo\/elegir-moto-trail-campo-asfaltica\/\" tabindex=\"-1\" >\n\t\t\t<div class=\"elementor-post__thumbnail\"><img decoding=\"async\" width=\"300\" height=\"200\" src=\"https:\/\/personaltrail.es\/wp-content\/uploads\/2022\/12\/DucatiDesertX_MOTOCICLISMO_JOO6316-300x200.jpg\" class=\"attachment-medium size-medium wp-image-4813\" alt=\"\" srcset=\"https:\/\/personaltrail.es\/wp-content\/uploads\/2022\/12\/DucatiDesertX_MOTOCICLISMO_JOO6316-300x200.jpg 300w, https:\/\/personaltrail.es\/wp-content\/uploads\/2022\/12\/DucatiDesertX_MOTOCICLISMO_JOO6316-1024x682.jpg 1024w, https:\/\/personaltrail.es\/wp-content\/uploads\/2022\/12\/DucatiDesertX_MOTOCICLISMO_JOO6316-768x512.jpg 768w, https:\/\/personaltrail.es\/wp-content\/uploads\/2022\/12\/DucatiDesertX_MOTOCICLISMO_JOO6316.jpg 1280w\" sizes=\"(max-width: 300px) 100vw, 300px\" \/><\/div>\n\t\t<\/a>\n\t\t\t\t<div class=\"elementor-post__text\">\n\t\t\t\t<h3 class=\"elementor-post__title\">\n\t\t\t<a href=\"https:\/\/personaltrail.es\/en\/articulo\/elegir-moto-trail-campo-asfaltica\/\" >\n\t\t\t\tChoosing Trail motorcycle: Country or asphalt?\t\t\t<\/a>\n\t\t<\/h3>\n\t\t\t\t<div class=\"elementor-post__meta-data\">\n\t\t\t\t\t<span class=\"elementor-post-date\">\n\t\t\tFebruary 6, 2023\t\t<\/span>\n\t\t\t\t<\/div>\n\t\t\t\t<div class=\"elementor-post__excerpt\">\n\t\t\t<p>Within the entire world of Trail motorcycles there are two main classes, Trail Off Road and Trail asphalt. In addition, we can also classify them by displacement. It<\/p>\n\t\t<\/div>\n\t\t\n\t\t<a class=\"elementor-post__read-more\" href=\"https:\/\/personaltrail.es\/en\/articulo\/elegir-moto-trail-campo-asfaltica\/\" aria-label=\"Read more about Choosing a Trail motorcycle: Country or asphalt?\" tabindex=\"-1\" >\n\t\t\tRead More &gt;&gt;\t\t<\/a>\n\n\t\t\t\t<\/div>\n\t\t\t\t<\/article>\n\t\t\t\t<\/div>\n\t\t\n\t\t\t\t\t\t<\/div>\n\t\t\t\t<\/div>\n\t\t\t\t\t<\/div>\n\t\t<\/div>\n\t\t\t\t\t<\/div>\n\t\t<\/section>\n\t\t\t\t<\/div>","protected":false},"excerpt":{"rendered":"<p>magazine videos Share on facebook Share on twitter Share on whatsapp Share on reddit<\/p>","protected":false},"author":1,"featured_media":0,"parent":0,"menu_order":0,"comment_status":"closed","ping_status":"closed","template":"","meta":{"_editorskit_title_hidden":false,"_editorskit_reading_time":0,"_editorskit_is_block_options_detached":false,"_editorskit_block_options_position":"{}","footnotes":""},"categories":[],"tags":[],"class_list":["post-1205","page","type-page","status-publish","hentry"],"yoast_head":"<!-- This site is optimized with the Yoast SEO plugin v27.4 - https:\/\/yoast.com\/product\/yoast-seo-wordpress\/ -->\n<title>V\u00eddeos - Personal Trail - Todo sobre las motos Trail<\/title>\n<meta name=\"description\" content=\"V\u00eddeos sobre c\u00f3mo elegir una moto Trail, qu\u00e9 ajustes debes hacer, c\u00f3mo debes configurar la electr\u00f3nica... \u00a1Todo sobre la moto Trail!\" \/>\n<meta name=\"robots\" content=\"index, follow, max-snippet:-1, max-image-preview:large, max-video-preview:-1\" \/>\n<link rel=\"canonical\" href=\"https:\/\/personaltrail.es\/en\/videos\/\" \/>\n<meta property=\"og:locale\" content=\"en_GB\" \/>\n<meta property=\"og:type\" content=\"article\" \/>\n<meta property=\"og:title\" content=\"V\u00eddeos - Personal Trail - Todo sobre las motos Trail\" \/>\n<meta property=\"og:description\" content=\"V\u00eddeos sobre c\u00f3mo elegir una moto Trail, qu\u00e9 ajustes debes hacer, c\u00f3mo debes configurar la electr\u00f3nica... \u00a1Todo sobre la moto Trail!\" \/>\n<meta property=\"og:url\" content=\"https:\/\/personaltrail.es\/en\/videos\/\" \/>\n<meta property=\"og:site_name\" content=\"Personal Trail, cursos de moto offroad: Enduro, Trail, Motocross\" \/>\n<meta property=\"article:publisher\" content=\"http:\/\/www.facebook.com\/PersonalEnduro\" \/>\n<meta property=\"article:modified_time\" content=\"2023-02-27T16:47:39+00:00\" \/>\n<meta name=\"twitter:card\" content=\"summary_large_image\" \/>\n<meta name=\"twitter:label1\" content=\"Estimated reading time\" \/>\n\t<meta name=\"twitter:data1\" content=\"2 minutes\" \/>\n<script type=\"application\/ld+json\" class=\"yoast-schema-graph\">{\"@context\":\"https:\\\/\\\/schema.org\",\"@graph\":[{\"@type\":\"WebPage\",\"@id\":\"https:\\\/\\\/personaltrail.es\\\/videos\\\/\",\"url\":\"https:\\\/\\\/personaltrail.es\\\/videos\\\/\",\"name\":\"V\u00eddeos - Personal Trail - Todo sobre las motos Trail\",\"isPartOf\":{\"@id\":\"https:\\\/\\\/personaltrail.es\\\/#website\"},\"datePublished\":\"2021-04-08T16:00:04+00:00\",\"dateModified\":\"2023-02-27T16:47:39+00:00\",\"description\":\"V\u00eddeos sobre c\u00f3mo elegir una moto Trail, qu\u00e9 ajustes debes hacer, c\u00f3mo debes configurar la electr\u00f3nica... \u00a1Todo sobre la moto Trail!\",\"breadcrumb\":{\"@id\":\"https:\\\/\\\/personaltrail.es\\\/videos\\\/#breadcrumb\"},\"inLanguage\":\"en-GB\",\"potentialAction\":[{\"@type\":\"ReadAction\",\"target\":[\"https:\\\/\\\/personaltrail.es\\\/videos\\\/\"]}]},{\"@type\":\"BreadcrumbList\",\"@id\":\"https:\\\/\\\/personaltrail.es\\\/videos\\\/#breadcrumb\",\"itemListElement\":[{\"@type\":\"ListItem\",\"position\":1,\"name\":\"Portada\",\"item\":\"https:\\\/\\\/personaltrail.es\\\/\"},{\"@type\":\"ListItem\",\"position\":2,\"name\":\"V\u00eddeos\"}]},{\"@type\":\"WebSite\",\"@id\":\"https:\\\/\\\/personaltrail.es\\\/#website\",\"url\":\"https:\\\/\\\/personaltrail.es\\\/\",\"name\":\"Personal Trail, cursos de moto offroad: Enduro, Trail, Motocross\",\"description\":\"Personal Trail: cursos de Enduro, Trail y Motocross\",\"publisher\":{\"@id\":\"https:\\\/\\\/personaltrail.es\\\/#organization\"},\"potentialAction\":[{\"@type\":\"SearchAction\",\"target\":{\"@type\":\"EntryPoint\",\"urlTemplate\":\"https:\\\/\\\/personaltrail.es\\\/?s={search_term_string}\"},\"query-input\":{\"@type\":\"PropertyValueSpecification\",\"valueRequired\":true,\"valueName\":\"search_term_string\"}}],\"inLanguage\":\"en-GB\"},{\"@type\":\"Organization\",\"@id\":\"https:\\\/\\\/personaltrail.es\\\/#organization\",\"name\":\"Personal Enduro: cursos de Enduro, Trail y Motocross\",\"url\":\"https:\\\/\\\/personaltrail.es\\\/\",\"logo\":{\"@type\":\"ImageObject\",\"inLanguage\":\"en-GB\",\"@id\":\"https:\\\/\\\/personaltrail.es\\\/#\\\/schema\\\/logo\\\/image\\\/\",\"url\":\"https:\\\/\\\/personaltrail.es\\\/wp-content\\\/uploads\\\/2021\\\/03\\\/LogoPersonalEnduroSucio.png\",\"contentUrl\":\"https:\\\/\\\/personaltrail.es\\\/wp-content\\\/uploads\\\/2021\\\/03\\\/LogoPersonalEnduroSucio.png\",\"width\":1538,\"height\":400,\"caption\":\"Personal Enduro: cursos de Enduro, Trail y Motocross\"},\"image\":{\"@id\":\"https:\\\/\\\/personaltrail.es\\\/#\\\/schema\\\/logo\\\/image\\\/\"},\"sameAs\":[\"http:\\\/\\\/www.facebook.com\\\/PersonalEnduro\",\"https:\\\/\\\/www.youtube.com\\\/user\\\/PersonalEnduro\"]}]}<\/script>\n<!-- \/ Yoast SEO plugin. -->","yoast_head_json":{"title":"V\u00eddeos - Personal Trail - Todo sobre las motos Trail","description":"V\u00eddeos sobre c\u00f3mo elegir una moto Trail, qu\u00e9 ajustes debes hacer, c\u00f3mo debes configurar la electr\u00f3nica... \u00a1Todo sobre la moto Trail!","robots":{"index":"index","follow":"follow","max-snippet":"max-snippet:-1","max-image-preview":"max-image-preview:large","max-video-preview":"max-video-preview:-1"},"canonical":"https:\/\/personaltrail.es\/en\/videos\/","og_locale":"en_GB","og_type":"article","og_title":"V\u00eddeos - Personal Trail - Todo sobre las motos Trail","og_description":"V\u00eddeos sobre c\u00f3mo elegir una moto Trail, qu\u00e9 ajustes debes hacer, c\u00f3mo debes configurar la electr\u00f3nica... \u00a1Todo sobre la moto Trail!","og_url":"https:\/\/personaltrail.es\/en\/videos\/","og_site_name":"Personal Trail, cursos de moto offroad: Enduro, Trail, Motocross","article_publisher":"http:\/\/www.facebook.com\/PersonalEnduro","article_modified_time":"2023-02-27T16:47:39+00:00","twitter_card":"summary_large_image","twitter_misc":{"Estimated reading time":"2 minutes"},"schema":{"@context":"https:\/\/schema.org","@graph":[{"@type":"WebPage","@id":"https:\/\/personaltrail.es\/videos\/","url":"https:\/\/personaltrail.es\/videos\/","name":"V\u00eddeos - Personal Trail - Todo sobre las motos Trail","isPartOf":{"@id":"https:\/\/personaltrail.es\/#website"},"datePublished":"2021-04-08T16:00:04+00:00","dateModified":"2023-02-27T16:47:39+00:00","description":"V\u00eddeos sobre c\u00f3mo elegir una moto Trail, qu\u00e9 ajustes debes hacer, c\u00f3mo debes configurar la electr\u00f3nica... \u00a1Todo sobre la moto Trail!","breadcrumb":{"@id":"https:\/\/personaltrail.es\/videos\/#breadcrumb"},"inLanguage":"en-GB","potentialAction":[{"@type":"ReadAction","target":["https:\/\/personaltrail.es\/videos\/"]}]},{"@type":"BreadcrumbList","@id":"https:\/\/personaltrail.es\/videos\/#breadcrumb","itemListElement":[{"@type":"ListItem","position":1,"name":"Portada","item":"https:\/\/personaltrail.es\/"},{"@type":"ListItem","position":2,"name":"V\u00eddeos"}]},{"@type":"WebSite","@id":"https:\/\/personaltrail.es\/#website","url":"https:\/\/personaltrail.es\/","name":"Personal Trail, cursos de moto offroad: Enduro, Trail, Motocross","description":"Personal Trail: cursos de Enduro, Trail y Motocross","publisher":{"@id":"https:\/\/personaltrail.es\/#organization"},"potentialAction":[{"@type":"SearchAction","target":{"@type":"EntryPoint","urlTemplate":"https:\/\/personaltrail.es\/?s={search_term_string}"},"query-input":{"@type":"PropertyValueSpecification","valueRequired":true,"valueName":"search_term_string"}}],"inLanguage":"en-GB"},{"@type":"Organization","@id":"https:\/\/personaltrail.es\/#organization","name":"Personal Enduro: cursos de Enduro, Trail y Motocross","url":"https:\/\/personaltrail.es\/","logo":{"@type":"ImageObject","inLanguage":"en-GB","@id":"https:\/\/personaltrail.es\/#\/schema\/logo\/image\/","url":"https:\/\/personaltrail.es\/wp-content\/uploads\/2021\/03\/LogoPersonalEnduroSucio.png","contentUrl":"https:\/\/personaltrail.es\/wp-content\/uploads\/2021\/03\/LogoPersonalEnduroSucio.png","width":1538,"height":400,"caption":"Personal Enduro: cursos de Enduro, Trail y Motocross"},"image":{"@id":"https:\/\/personaltrail.es\/#\/schema\/logo\/image\/"},"sameAs":["http:\/\/www.facebook.com\/PersonalEnduro","https:\/\/www.youtube.com\/user\/PersonalEnduro"]}]}},"_links":{"self":[{"href":"https:\/\/personaltrail.es\/en\/wp-json\/wp\/v2\/pages\/1205","targetHints":{"allow":["GET"]}}],"collection":[{"href":"https:\/\/personaltrail.es\/en\/wp-json\/wp\/v2\/pages"}],"about":[{"href":"https:\/\/personaltrail.es\/en\/wp-json\/wp\/v2\/types\/page"}],"author":[{"embeddable":true,"href":"https:\/\/personaltrail.es\/en\/wp-json\/wp\/v2\/users\/1"}],"replies":[{"embeddable":true,"href":"https:\/\/personaltrail.es\/en\/wp-json\/wp\/v2\/comments?post=1205"}],"version-history":[{"count":53,"href":"https:\/\/personaltrail.es\/en\/wp-json\/wp\/v2\/pages\/1205\/revisions"}],"predecessor-version":[{"id":4969,"href":"https:\/\/personaltrail.es\/en\/wp-json\/wp\/v2\/pages\/1205\/revisions\/4969"}],"wp:attachment":[{"href":"https:\/\/personaltrail.es\/en\/wp-json\/wp\/v2\/media?parent=1205"}],"wp:term":[{"taxonomy":"category","embeddable":true,"href":"https:\/\/personaltrail.es\/en\/wp-json\/wp\/v2\/categories?post=1205"},{"taxonomy":"post_tag","embeddable":true,"href":"https:\/\/personaltrail.es\/en\/wp-json\/wp\/v2\/tags?post=1205"}],"curies":[{"name":"wp","href":"https:\/\/api.w.org\/{rel}","templated":true}]}}