{"id":360,"date":"2021-03-28T11:18:06","date_gmt":"2021-03-28T11:18:06","guid":{"rendered":"https:\/\/test.personaltrail.jimenezhidalgo.es\/?page_id=360"},"modified":"2021-06-28T17:10:24","modified_gmt":"2021-06-28T15:10:24","slug":"garaje","status":"publish","type":"page","link":"https:\/\/personaltrail.es\/en\/otros-servicios\/garaje\/","title":{"rendered":"Garage"},"content":{"rendered":"<p>You can store your Enduro, Motocross or Trail bike and your equipment in our garage for&nbsp;<strong>60\u20ac<\/strong>&nbsp;a month. Riders who purchase the 5-session voucher, as well as those who take courses lasting more than one day, can occasionally leave the motorcycle in our garage.<\/p>\n\n\n\n<p>With this service you can be <strong>including transportation of the motorcycle to the circuit<\/strong> or the training area, having to go only to the circuit without having to carry anything.<\/p>\n\n\n\n<p>Check garage conditions in the <strong>679957759<\/strong> or in &nbsp;<a href=\"mailto:info@personaltrail.es\">info@personaltrail.es<\/a>.<\/p>\n\n\n\n<figure class=\"wp-block-image size-large is-resized\"><img fetchpriority=\"high\" decoding=\"async\" src=\"https:\/\/personaltrail.es\/wp-content\/uploads\/2021\/06\/Servicio-de-garaje_-1024x640.jpg\" alt=\"\" class=\"wp-image-3601\" width=\"1024\" height=\"640\" srcset=\"https:\/\/personaltrail.es\/wp-content\/uploads\/2021\/06\/Servicio-de-garaje_-1024x640.jpg 1024w, https:\/\/personaltrail.es\/wp-content\/uploads\/2021\/06\/Servicio-de-garaje_-300x188.jpg 300w, https:\/\/personaltrail.es\/wp-content\/uploads\/2021\/06\/Servicio-de-garaje_-768x480.jpg 768w, https:\/\/personaltrail.es\/wp-content\/uploads\/2021\/06\/Servicio-de-garaje_.jpg 1280w\" sizes=\"(max-width: 1024px) 100vw, 1024px\" \/><\/figure>","protected":false},"excerpt":{"rendered":"<p>You can store your Enduro, Motocross, or Trail motorcycle and your equipment in our garage for \u20ac60 per month. Riders who purchase the 5-session pass, as well as those taking courses lasting more than one day, can occasionally leave their motorcycle in our garage. This service may include transport of the motorcycle [\u2026]<\/p>","protected":false},"author":1,"featured_media":3601,"parent":358,"menu_order":0,"comment_status":"closed","ping_status":"closed","template":"","meta":{"_editorskit_title_hidden":false,"_editorskit_reading_time":1,"_editorskit_is_block_options_detached":false,"_editorskit_block_options_position":"{}","footnotes":""},"categories":[44],"tags":[],"class_list":["post-360","page","type-page","status-publish","has-post-thumbnail","hentry","category-otros-servicios"],"yoast_head":"<!-- This site is optimized with the Yoast SEO plugin v27.4 - https:\/\/yoast.com\/product\/yoast-seo-wordpress\/ -->\n<title>Garaje - Personal Trail, cursos de moto offroad: Enduro, Trail, Motocross<\/title>\n<meta name=\"robots\" content=\"index, follow, max-snippet:-1, max-image-preview:large, max-video-preview:-1\" \/>\n<link rel=\"canonical\" href=\"https:\/\/personaltrail.es\/en\/otros-servicios\/garaje\/\" \/>\n<meta property=\"og:locale\" content=\"en_GB\" \/>\n<meta property=\"og:type\" content=\"article\" \/>\n<meta property=\"og:title\" content=\"Garaje - Personal Trail, cursos de moto offroad: Enduro, Trail, Motocross\" \/>\n<meta property=\"og:description\" content=\"Puedes guardar tu moto de Enduro, Motocross o Trail y tu equipo en nuestro garaje por&nbsp;60\u20ac&nbsp;al mes. Los pilotos que adquieran el bono de 5 sesiones, as\u00ed como los que realicen cursos de m\u00e1s de un d\u00eda, pueden dejar la moto ocasionalmente en nuestro garaje. Con este servicio puede estar incluido el transporte de la [&hellip;]\" \/>\n<meta property=\"og:url\" content=\"https:\/\/personaltrail.es\/en\/otros-servicios\/garaje\/\" \/>\n<meta property=\"og:site_name\" content=\"Personal Trail, cursos de moto offroad: Enduro, Trail, Motocross\" \/>\n<meta property=\"article:publisher\" content=\"http:\/\/www.facebook.com\/PersonalEnduro\" \/>\n<meta property=\"article:modified_time\" content=\"2021-06-28T15:10:24+00:00\" \/>\n<meta property=\"og:image\" content=\"https:\/\/personaltrail.es\/wp-content\/uploads\/2021\/06\/Servicio-de-garaje_.jpg\" \/>\n\t<meta property=\"og:image:width\" content=\"1280\" \/>\n\t<meta property=\"og:image:height\" content=\"800\" \/>\n\t<meta property=\"og:image:type\" content=\"image\/jpeg\" \/>\n<meta name=\"twitter:card\" content=\"summary_large_image\" \/>\n<meta name=\"twitter:label1\" content=\"Estimated reading time\" \/>\n\t<meta name=\"twitter:data1\" content=\"1 minute\" \/>\n<script type=\"application\/ld+json\" class=\"yoast-schema-graph\">{\"@context\":\"https:\\\/\\\/schema.org\",\"@graph\":[{\"@type\":\"WebPage\",\"@id\":\"https:\\\/\\\/personaltrail.es\\\/otros-servicios\\\/garaje\\\/\",\"url\":\"https:\\\/\\\/personaltrail.es\\\/otros-servicios\\\/garaje\\\/\",\"name\":\"Garaje - Personal Trail, cursos de moto offroad: Enduro, Trail, Motocross\",\"isPartOf\":{\"@id\":\"https:\\\/\\\/personaltrail.es\\\/#website\"},\"primaryImageOfPage\":{\"@id\":\"https:\\\/\\\/personaltrail.es\\\/otros-servicios\\\/garaje\\\/#primaryimage\"},\"image\":{\"@id\":\"https:\\\/\\\/personaltrail.es\\\/otros-servicios\\\/garaje\\\/#primaryimage\"},\"thumbnailUrl\":\"https:\\\/\\\/personaltrail.es\\\/wp-content\\\/uploads\\\/2021\\\/06\\\/Servicio-de-garaje_.jpg\",\"datePublished\":\"2021-03-28T11:18:06+00:00\",\"dateModified\":\"2021-06-28T15:10:24+00:00\",\"breadcrumb\":{\"@id\":\"https:\\\/\\\/personaltrail.es\\\/otros-servicios\\\/garaje\\\/#breadcrumb\"},\"inLanguage\":\"en-GB\",\"potentialAction\":[{\"@type\":\"ReadAction\",\"target\":[\"https:\\\/\\\/personaltrail.es\\\/otros-servicios\\\/garaje\\\/\"]}]},{\"@type\":\"ImageObject\",\"inLanguage\":\"en-GB\",\"@id\":\"https:\\\/\\\/personaltrail.es\\\/otros-servicios\\\/garaje\\\/#primaryimage\",\"url\":\"https:\\\/\\\/personaltrail.es\\\/wp-content\\\/uploads\\\/2021\\\/06\\\/Servicio-de-garaje_.jpg\",\"contentUrl\":\"https:\\\/\\\/personaltrail.es\\\/wp-content\\\/uploads\\\/2021\\\/06\\\/Servicio-de-garaje_.jpg\",\"width\":1280,\"height\":800},{\"@type\":\"BreadcrumbList\",\"@id\":\"https:\\\/\\\/personaltrail.es\\\/otros-servicios\\\/garaje\\\/#breadcrumb\",\"itemListElement\":[{\"@type\":\"ListItem\",\"position\":1,\"name\":\"Portada\",\"item\":\"https:\\\/\\\/personaltrail.es\\\/\"},{\"@type\":\"ListItem\",\"position\":2,\"name\":\"Otros servicios\",\"item\":\"https:\\\/\\\/personaltrail.es\\\/otros-servicios\\\/\"},{\"@type\":\"ListItem\",\"position\":3,\"name\":\"Garaje\"}]},{\"@type\":\"WebSite\",\"@id\":\"https:\\\/\\\/personaltrail.es\\\/#website\",\"url\":\"https:\\\/\\\/personaltrail.es\\\/\",\"name\":\"Personal Trail, cursos de moto offroad: Enduro, Trail, Motocross\",\"description\":\"Personal Trail: cursos de Enduro, Trail y Motocross\",\"publisher\":{\"@id\":\"https:\\\/\\\/personaltrail.es\\\/#organization\"},\"potentialAction\":[{\"@type\":\"SearchAction\",\"target\":{\"@type\":\"EntryPoint\",\"urlTemplate\":\"https:\\\/\\\/personaltrail.es\\\/?s={search_term_string}\"},\"query-input\":{\"@type\":\"PropertyValueSpecification\",\"valueRequired\":true,\"valueName\":\"search_term_string\"}}],\"inLanguage\":\"en-GB\"},{\"@type\":\"Organization\",\"@id\":\"https:\\\/\\\/personaltrail.es\\\/#organization\",\"name\":\"Personal Enduro: cursos de Enduro, Trail y Motocross\",\"url\":\"https:\\\/\\\/personaltrail.es\\\/\",\"logo\":{\"@type\":\"ImageObject\",\"inLanguage\":\"en-GB\",\"@id\":\"https:\\\/\\\/personaltrail.es\\\/#\\\/schema\\\/logo\\\/image\\\/\",\"url\":\"https:\\\/\\\/personaltrail.es\\\/wp-content\\\/uploads\\\/2021\\\/03\\\/LogoPersonalEnduroSucio.png\",\"contentUrl\":\"https:\\\/\\\/personaltrail.es\\\/wp-content\\\/uploads\\\/2021\\\/03\\\/LogoPersonalEnduroSucio.png\",\"width\":1538,\"height\":400,\"caption\":\"Personal Enduro: cursos de Enduro, Trail y Motocross\"},\"image\":{\"@id\":\"https:\\\/\\\/personaltrail.es\\\/#\\\/schema\\\/logo\\\/image\\\/\"},\"sameAs\":[\"http:\\\/\\\/www.facebook.com\\\/PersonalEnduro\",\"https:\\\/\\\/www.youtube.com\\\/user\\\/PersonalEnduro\"]}]}<\/script>\n<!-- \/ Yoast SEO plugin. -->","yoast_head_json":{"title":"Garaje - Personal Trail, cursos de moto offroad: Enduro, Trail, Motocross","robots":{"index":"index","follow":"follow","max-snippet":"max-snippet:-1","max-image-preview":"max-image-preview:large","max-video-preview":"max-video-preview:-1"},"canonical":"https:\/\/personaltrail.es\/en\/otros-servicios\/garaje\/","og_locale":"en_GB","og_type":"article","og_title":"Garaje - Personal Trail, cursos de moto offroad: Enduro, Trail, Motocross","og_description":"Puedes guardar tu moto de Enduro, Motocross o Trail y tu equipo en nuestro garaje por&nbsp;60\u20ac&nbsp;al mes. Los pilotos que adquieran el bono de 5 sesiones, as\u00ed como los que realicen cursos de m\u00e1s de un d\u00eda, pueden dejar la moto ocasionalmente en nuestro garaje. Con este servicio puede estar incluido el transporte de la [&hellip;]","og_url":"https:\/\/personaltrail.es\/en\/otros-servicios\/garaje\/","og_site_name":"Personal Trail, cursos de moto offroad: Enduro, Trail, Motocross","article_publisher":"http:\/\/www.facebook.com\/PersonalEnduro","article_modified_time":"2021-06-28T15:10:24+00:00","og_image":[{"width":1280,"height":800,"url":"https:\/\/personaltrail.es\/wp-content\/uploads\/2021\/06\/Servicio-de-garaje_.jpg","type":"image\/jpeg"}],"twitter_card":"summary_large_image","twitter_misc":{"Estimated reading time":"1 minute"},"schema":{"@context":"https:\/\/schema.org","@graph":[{"@type":"WebPage","@id":"https:\/\/personaltrail.es\/otros-servicios\/garaje\/","url":"https:\/\/personaltrail.es\/otros-servicios\/garaje\/","name":"Garaje - Personal Trail, cursos de moto offroad: Enduro, Trail, Motocross","isPartOf":{"@id":"https:\/\/personaltrail.es\/#website"},"primaryImageOfPage":{"@id":"https:\/\/personaltrail.es\/otros-servicios\/garaje\/#primaryimage"},"image":{"@id":"https:\/\/personaltrail.es\/otros-servicios\/garaje\/#primaryimage"},"thumbnailUrl":"https:\/\/personaltrail.es\/wp-content\/uploads\/2021\/06\/Servicio-de-garaje_.jpg","datePublished":"2021-03-28T11:18:06+00:00","dateModified":"2021-06-28T15:10:24+00:00","breadcrumb":{"@id":"https:\/\/personaltrail.es\/otros-servicios\/garaje\/#breadcrumb"},"inLanguage":"en-GB","potentialAction":[{"@type":"ReadAction","target":["https:\/\/personaltrail.es\/otros-servicios\/garaje\/"]}]},{"@type":"ImageObject","inLanguage":"en-GB","@id":"https:\/\/personaltrail.es\/otros-servicios\/garaje\/#primaryimage","url":"https:\/\/personaltrail.es\/wp-content\/uploads\/2021\/06\/Servicio-de-garaje_.jpg","contentUrl":"https:\/\/personaltrail.es\/wp-content\/uploads\/2021\/06\/Servicio-de-garaje_.jpg","width":1280,"height":800},{"@type":"BreadcrumbList","@id":"https:\/\/personaltrail.es\/otros-servicios\/garaje\/#breadcrumb","itemListElement":[{"@type":"ListItem","position":1,"name":"Portada","item":"https:\/\/personaltrail.es\/"},{"@type":"ListItem","position":2,"name":"Otros servicios","item":"https:\/\/personaltrail.es\/otros-servicios\/"},{"@type":"ListItem","position":3,"name":"Garaje"}]},{"@type":"WebSite","@id":"https:\/\/personaltrail.es\/#website","url":"https:\/\/personaltrail.es\/","name":"Personal Trail, cursos de moto offroad: Enduro, Trail, Motocross","description":"Personal Trail: cursos de Enduro, Trail y Motocross","publisher":{"@id":"https:\/\/personaltrail.es\/#organization"},"potentialAction":[{"@type":"SearchAction","target":{"@type":"EntryPoint","urlTemplate":"https:\/\/personaltrail.es\/?s={search_term_string}"},"query-input":{"@type":"PropertyValueSpecification","valueRequired":true,"valueName":"search_term_string"}}],"inLanguage":"en-GB"},{"@type":"Organization","@id":"https:\/\/personaltrail.es\/#organization","name":"Personal Enduro: cursos de Enduro, Trail y Motocross","url":"https:\/\/personaltrail.es\/","logo":{"@type":"ImageObject","inLanguage":"en-GB","@id":"https:\/\/personaltrail.es\/#\/schema\/logo\/image\/","url":"https:\/\/personaltrail.es\/wp-content\/uploads\/2021\/03\/LogoPersonalEnduroSucio.png","contentUrl":"https:\/\/personaltrail.es\/wp-content\/uploads\/2021\/03\/LogoPersonalEnduroSucio.png","width":1538,"height":400,"caption":"Personal Enduro: cursos de Enduro, Trail y Motocross"},"image":{"@id":"https:\/\/personaltrail.es\/#\/schema\/logo\/image\/"},"sameAs":["http:\/\/www.facebook.com\/PersonalEnduro","https:\/\/www.youtube.com\/user\/PersonalEnduro"]}]}},"_links":{"self":[{"href":"https:\/\/personaltrail.es\/en\/wp-json\/wp\/v2\/pages\/360","targetHints":{"allow":["GET"]}}],"collection":[{"href":"https:\/\/personaltrail.es\/en\/wp-json\/wp\/v2\/pages"}],"about":[{"href":"https:\/\/personaltrail.es\/en\/wp-json\/wp\/v2\/types\/page"}],"author":[{"embeddable":true,"href":"https:\/\/personaltrail.es\/en\/wp-json\/wp\/v2\/users\/1"}],"replies":[{"embeddable":true,"href":"https:\/\/personaltrail.es\/en\/wp-json\/wp\/v2\/comments?post=360"}],"version-history":[{"count":5,"href":"https:\/\/personaltrail.es\/en\/wp-json\/wp\/v2\/pages\/360\/revisions"}],"predecessor-version":[{"id":4315,"href":"https:\/\/personaltrail.es\/en\/wp-json\/wp\/v2\/pages\/360\/revisions\/4315"}],"up":[{"embeddable":true,"href":"https:\/\/personaltrail.es\/en\/wp-json\/wp\/v2\/pages\/358"}],"wp:featuredmedia":[{"embeddable":true,"href":"https:\/\/personaltrail.es\/en\/wp-json\/wp\/v2\/media\/3601"}],"wp:attachment":[{"href":"https:\/\/personaltrail.es\/en\/wp-json\/wp\/v2\/media?parent=360"}],"wp:term":[{"taxonomy":"category","embeddable":true,"href":"https:\/\/personaltrail.es\/en\/wp-json\/wp\/v2\/categories?post=360"},{"taxonomy":"post_tag","embeddable":true,"href":"https:\/\/personaltrail.es\/en\/wp-json\/wp\/v2\/tags?post=360"}],"curies":[{"name":"wp","href":"https:\/\/api.w.org\/{rel}","templated":true}]}}