{"id":3821,"date":"2021-06-27T17:11:29","date_gmt":"2021-06-27T15:11:29","guid":{"rendered":"https:\/\/test.personaltrail.jimenezhidalgo.es\/?page_id=3821"},"modified":"2021-06-27T17:12:21","modified_gmt":"2021-06-27T15:12:21","slug":"politica-de-privacidad","status":"publish","type":"page","link":"https:\/\/personaltrail.es\/en\/politica-de-privacidad\/","title":{"rendered":"Privacy Policy"},"content":{"rendered":"<div data-elementor-type=\"wp-page\" data-elementor-id=\"3821\" class=\"elementor elementor-3821\" data-elementor-post-type=\"page\">\n\t\t\t\t\t\t<section class=\"elementor-section elementor-top-section elementor-element elementor-element-45498647 elementor-section-boxed elementor-section-height-default elementor-section-height-default\" data-id=\"45498647\" data-element_type=\"section\" data-e-type=\"section\">\n\t\t\t\t\t\t<div class=\"elementor-container elementor-column-gap-default\">\n\t\t\t\t\t<div class=\"elementor-column elementor-col-100 elementor-top-column elementor-element elementor-element-f585bd2\" data-id=\"f585bd2\" data-element_type=\"column\" data-e-type=\"column\">\n\t\t\t<div class=\"elementor-widget-wrap elementor-element-populated\">\n\t\t\t\t\t\t<div class=\"elementor-element elementor-element-1008447 elementor-widget elementor-widget-heading\" data-id=\"1008447\" data-element_type=\"widget\" data-e-type=\"widget\" data-widget_type=\"heading.default\">\n\t\t\t\t<div class=\"elementor-widget-container\">\n\t\t\t\t\t<h2 class=\"elementor-heading-title elementor-size-default\">Privacy Policy and Legal Information<\/h2>\t\t\t\t<\/div>\n\t\t\t\t<\/div>\n\t\t\t\t<div class=\"elementor-element elementor-element-1eefe692 elementor-widget elementor-widget-text-editor\" data-id=\"1eefe692\" data-element_type=\"widget\" data-e-type=\"widget\" data-widget_type=\"text-editor.default\">\n\t\t\t\t<div class=\"elementor-widget-container\">\n\t\t\t\t\t\t\t\t\t\n<p>Personalenduro.com is a website published and managed by Activities Sobre Ruedas SC. To provide a good service to our readers and users, at Activities Sobre Ruedas we manage their personal data, which is a fundamental part of our work. For this reason, we have adapted our privacy policy as indicated by the RGPD (EU Regulation 2016\/679 of the European Parliament and of the Council of April 27, 2016) and included in the LSSI (Law 34\/2002, of July 11, of Information Society Services and Electronic Commerce), as well as everything required by the LOPD (Organic Law 15\/1999, of December 13, on the Protection of Personal Data).<\/p>\n\n<p>Below, we explain how we manage your personal data, what we use it for and your rights over it. For any questions you can write to us at info@personaltrail.es or call us at +34 679957759.<\/p>\n\n<p><strong>Summary sheet on personal data management:<\/strong><\/p>\n\n<p>Responsible: Activities On Wheels SC<\/p>\n\n<p>CIF: J19332188<\/p>\n\n<p>Address: Calle Santiago Ap\u00f3stol 3, Guadalajara. CP.19193<\/p>\n\n<p>Email: info@personaltrail.es<\/p>\n\n<p>Purpose: Bulletins and notifications about news, reports and services from the world of motorcycles, as well as specific promotions.<\/p>\n\n<p>Legitimation: User consent by checking the acceptance box.<\/p>\n\n<p>Storage: Depending on the form you complete, your personal data will be collected for different purposes and stored on different platforms.<\/p>\n\n<p><strong>What do we use the data for?<\/strong><\/p>\n\n<p>Activities on Wheels will use your data to keep you informed about our news and content through newsletters.<\/p>\n\n<p>Advertising or promotions from our advertisers may appear in the newsletters, but we will never, under any circumstances, transfer or make public your data to these advertisers.<\/p>\n\n<p><strong>Management of your data: Access, rectification, cancellation, opposition and portability<\/strong><\/p>\n\n<p>You will always have control over your data. Readers and users can exercise their rights of access, opposition, rectification and cancellation of their data. You just have to unsubscribe from the newsletters, write to info@personaltrail.es or call us at +34 679957759.\u00a0<\/p>\n\n<p><strong>Transfer of data to other companies<\/strong><\/p>\n\n<p>Activities on Wheels will never transfer the personal data of its users and partners to third parties completely outside the scope of the company so that they can contact you or use them for their own benefit. Your data will only be stored or managed by other companies if it is strictly necessary to provide the service. Currently, the companies we collaborate with are:<\/p>\n\n<p><em>DigitalOcean as provider of the server we use in Activities on Wheels<\/em>.<\/p>\n\n<p><strong>GOOGLE<\/strong><\/p>\n\n<p>We use Google Analytics to collect website activity statistics (number of users, pages they visit, etc.). Google has its infrastructure distributed among different places but is committed to respecting European legislation. For advertising management we use Double Click, which is also owned by Google, and we display some AdSense advertising spaces. It is one of the companies subscribed to the EU-US Privacy Shield.<\/p>\n\n<p>1600 Amphitheater Parkway<\/p>\n\n<p>Mountain View, CA<\/p>\n\n<p>94043, USA<\/p>\n\n<p><strong>MAILCHIMP (The Rocket Science Group LLC)<\/strong><\/p>\n\n<p>Mailchimp is a globally recognized platform, which we use to send newsletters. It is one of the companies subscribed to the EU-US Privacy Shield.<\/p>\n\n<p>The Rocket Science Group, LLC<\/p>\n\n<p>675 Ponce de Leon Ave NE<\/p>\n\n<p>Suite 5000<\/p>\n\n<p>Atlanta, GA 30308 USA<\/p>\n\n<p>Privacy Policy<\/p>\n\n<p><strong>Security of your personal data<\/strong><\/p>\n\n<p>Activities on Wheels ensures the confidentiality and privacy of the personal data collected, allocating a good part of its technological resources to the protection of the personal data of its users and partners as well as the security and integrity of the website.<\/p>\n\n<p>To guarantee this security, services and platforms have been adopted and contracted to ensure security measures that prevent alteration, loss, treatment or unauthorized access. However, Activities on Wheels cannot be held responsible for incidents related to personal data when these arise from an attack or unauthorized access to the systems in such a way that it is impossible to detect or prevent it, even taking all necessary measures according to the state. of current technology, or a lack of diligence on the part of the subscriber or user regarding the guarding and custody of their passwords and personal data.<\/p>\n\n<p><strong>Sending emails, SMS and notifications<\/strong><\/p>\n\n<p>At Activities on Wheels we do not send indiscriminate and abusive messages and notifications. Therefore, we will only send messages and emails to all those users and subscribers who authorize it, either by accepting these general conditions or specific conditions related to promotions or specific actions.<\/p>\n\n<p><strong>Use of \u201ccookies\u201d<\/strong><\/p>\n\n<p>Our website uses \u201ccookies\u201d, files that store user or partner information in your browser. These files will not store personal data associable to a specific user and are intended to improve and facilitate the use of the website.<\/p>\n\n<p>In any case, if the user or subscriber wishes, they can deactivate the \u201ccookies\u201d of their browser, although taking into account their usefulness and privacy, we recommend and appreciate that they keep them activated.<\/p>\n\n<p><strong>You can consult the cookie policy at: <a class=\"ek-link\" href=\"https:\/\/personaltrail.es\/en\/politica-de-cookies-ue\/\">https:\/\/personaltrail.es\/politica-de-cookies-ue\/<\/a><\/strong><\/p>\n\n<p><strong>Acceptance of conditions<\/strong><\/p>\n\n<p>As far as browsing the website is concerned, you should keep in mind that we assume that if you browse and use this website you accept these conditions.\u00a0<\/p>\n\t\t\t\t\t\t\t\t<\/div>\n\t\t\t\t<\/div>\n\t\t\t\t\t<\/div>\n\t\t<\/div>\n\t\t\t\t\t<\/div>\n\t\t<\/section>\n\t\t\t\t<\/div>","protected":false},"excerpt":{"rendered":"<p>Privacy Policy and Legal Information Personalenduro.com is a website published and managed by Actividades Sobre Ruedas SC. To provide good service to our readers and users, at Actividades Sobre Ruedas we manage their personal data, as this is a fundamental part of our work. Therefore, we have adapted our privacy policy as indicated [\u2026]<\/p>","protected":false},"author":1,"featured_media":0,"parent":0,"menu_order":0,"comment_status":"closed","ping_status":"closed","template":"","meta":{"_editorskit_title_hidden":false,"_editorskit_reading_time":0,"_editorskit_is_block_options_detached":false,"_editorskit_block_options_position":"{}","footnotes":""},"categories":[],"tags":[],"class_list":["post-3821","page","type-page","status-publish","hentry"],"yoast_head":"<!-- This site is optimized with the Yoast SEO plugin v27.3 - https:\/\/yoast.com\/product\/yoast-seo-wordpress\/ -->\n<title>Pol\u00edtica de privacidad - Personal Trail, cursos de moto offroad: Enduro, Trail, Motocross<\/title>\n<meta name=\"robots\" content=\"index, follow, max-snippet:-1, max-image-preview:large, max-video-preview:-1\" \/>\n<link rel=\"canonical\" href=\"https:\/\/personaltrail.es\/en\/politica-de-privacidad\/\" \/>\n<meta property=\"og:locale\" content=\"en_GB\" \/>\n<meta property=\"og:type\" content=\"article\" \/>\n<meta property=\"og:title\" content=\"Pol\u00edtica de privacidad - Personal Trail, cursos de moto offroad: Enduro, Trail, Motocross\" \/>\n<meta property=\"og:description\" content=\"Pol\u00edtica de Privacidad e Informaci\u00f3n legal Personalenduro.com es una web publicada y gestionada por Actividades Sobre Ruedas SC. Para prestar buen servicio a nuestros lectores y usuarios, en Actividades Sobre Ruedas gestionamos los datos personales de estos, siendo una parte fundamental de nuestro trabajo. Por ello, hemos adaptado nuestra pol\u00edtica de privacidad tal como indica [&hellip;]\" \/>\n<meta property=\"og:url\" content=\"https:\/\/personaltrail.es\/en\/politica-de-privacidad\/\" \/>\n<meta property=\"og:site_name\" content=\"Personal Trail, cursos de moto offroad: Enduro, Trail, Motocross\" \/>\n<meta property=\"article:publisher\" content=\"http:\/\/www.facebook.com\/PersonalEnduro\" \/>\n<meta property=\"article:modified_time\" content=\"2021-06-27T15:12:21+00:00\" \/>\n<meta name=\"twitter:card\" content=\"summary_large_image\" \/>\n<meta name=\"twitter:label1\" content=\"Estimated reading time\" \/>\n\t<meta name=\"twitter:data1\" content=\"4 minutes\" \/>\n<script type=\"application\/ld+json\" class=\"yoast-schema-graph\">{\"@context\":\"https:\\\/\\\/schema.org\",\"@graph\":[{\"@type\":\"WebPage\",\"@id\":\"https:\\\/\\\/personaltrail.es\\\/politica-de-privacidad\\\/\",\"url\":\"https:\\\/\\\/personaltrail.es\\\/politica-de-privacidad\\\/\",\"name\":\"Pol\u00edtica de privacidad - Personal Trail, cursos de moto offroad: Enduro, Trail, Motocross\",\"isPartOf\":{\"@id\":\"https:\\\/\\\/personaltrail.es\\\/#website\"},\"datePublished\":\"2021-06-27T15:11:29+00:00\",\"dateModified\":\"2021-06-27T15:12:21+00:00\",\"breadcrumb\":{\"@id\":\"https:\\\/\\\/personaltrail.es\\\/politica-de-privacidad\\\/#breadcrumb\"},\"inLanguage\":\"en-GB\",\"potentialAction\":[{\"@type\":\"ReadAction\",\"target\":[\"https:\\\/\\\/personaltrail.es\\\/politica-de-privacidad\\\/\"]}]},{\"@type\":\"BreadcrumbList\",\"@id\":\"https:\\\/\\\/personaltrail.es\\\/politica-de-privacidad\\\/#breadcrumb\",\"itemListElement\":[{\"@type\":\"ListItem\",\"position\":1,\"name\":\"Portada\",\"item\":\"https:\\\/\\\/personaltrail.es\\\/\"},{\"@type\":\"ListItem\",\"position\":2,\"name\":\"Pol\u00edtica de privacidad\"}]},{\"@type\":\"WebSite\",\"@id\":\"https:\\\/\\\/personaltrail.es\\\/#website\",\"url\":\"https:\\\/\\\/personaltrail.es\\\/\",\"name\":\"Personal Trail, cursos de moto offroad: Enduro, Trail, Motocross\",\"description\":\"Personal Trail: cursos de Enduro, Trail y Motocross\",\"publisher\":{\"@id\":\"https:\\\/\\\/personaltrail.es\\\/#organization\"},\"potentialAction\":[{\"@type\":\"SearchAction\",\"target\":{\"@type\":\"EntryPoint\",\"urlTemplate\":\"https:\\\/\\\/personaltrail.es\\\/?s={search_term_string}\"},\"query-input\":{\"@type\":\"PropertyValueSpecification\",\"valueRequired\":true,\"valueName\":\"search_term_string\"}}],\"inLanguage\":\"en-GB\"},{\"@type\":\"Organization\",\"@id\":\"https:\\\/\\\/personaltrail.es\\\/#organization\",\"name\":\"Personal Enduro: cursos de Enduro, Trail y Motocross\",\"url\":\"https:\\\/\\\/personaltrail.es\\\/\",\"logo\":{\"@type\":\"ImageObject\",\"inLanguage\":\"en-GB\",\"@id\":\"https:\\\/\\\/personaltrail.es\\\/#\\\/schema\\\/logo\\\/image\\\/\",\"url\":\"https:\\\/\\\/personaltrail.es\\\/wp-content\\\/uploads\\\/2021\\\/03\\\/LogoPersonalEnduroSucio.png\",\"contentUrl\":\"https:\\\/\\\/personaltrail.es\\\/wp-content\\\/uploads\\\/2021\\\/03\\\/LogoPersonalEnduroSucio.png\",\"width\":1538,\"height\":400,\"caption\":\"Personal Enduro: cursos de Enduro, Trail y Motocross\"},\"image\":{\"@id\":\"https:\\\/\\\/personaltrail.es\\\/#\\\/schema\\\/logo\\\/image\\\/\"},\"sameAs\":[\"http:\\\/\\\/www.facebook.com\\\/PersonalEnduro\",\"https:\\\/\\\/www.youtube.com\\\/user\\\/PersonalEnduro\"]}]}<\/script>\n<!-- \/ Yoast SEO plugin. -->","yoast_head_json":{"title":"Pol\u00edtica de privacidad - Personal Trail, cursos de moto offroad: Enduro, Trail, Motocross","robots":{"index":"index","follow":"follow","max-snippet":"max-snippet:-1","max-image-preview":"max-image-preview:large","max-video-preview":"max-video-preview:-1"},"canonical":"https:\/\/personaltrail.es\/en\/politica-de-privacidad\/","og_locale":"en_GB","og_type":"article","og_title":"Pol\u00edtica de privacidad - Personal Trail, cursos de moto offroad: Enduro, Trail, Motocross","og_description":"Pol\u00edtica de Privacidad e Informaci\u00f3n legal Personalenduro.com es una web publicada y gestionada por Actividades Sobre Ruedas SC. Para prestar buen servicio a nuestros lectores y usuarios, en Actividades Sobre Ruedas gestionamos los datos personales de estos, siendo una parte fundamental de nuestro trabajo. Por ello, hemos adaptado nuestra pol\u00edtica de privacidad tal como indica [&hellip;]","og_url":"https:\/\/personaltrail.es\/en\/politica-de-privacidad\/","og_site_name":"Personal Trail, cursos de moto offroad: Enduro, Trail, Motocross","article_publisher":"http:\/\/www.facebook.com\/PersonalEnduro","article_modified_time":"2021-06-27T15:12:21+00:00","twitter_card":"summary_large_image","twitter_misc":{"Estimated reading time":"4 minutes"},"schema":{"@context":"https:\/\/schema.org","@graph":[{"@type":"WebPage","@id":"https:\/\/personaltrail.es\/politica-de-privacidad\/","url":"https:\/\/personaltrail.es\/politica-de-privacidad\/","name":"Pol\u00edtica de privacidad - Personal Trail, cursos de moto offroad: Enduro, Trail, Motocross","isPartOf":{"@id":"https:\/\/personaltrail.es\/#website"},"datePublished":"2021-06-27T15:11:29+00:00","dateModified":"2021-06-27T15:12:21+00:00","breadcrumb":{"@id":"https:\/\/personaltrail.es\/politica-de-privacidad\/#breadcrumb"},"inLanguage":"en-GB","potentialAction":[{"@type":"ReadAction","target":["https:\/\/personaltrail.es\/politica-de-privacidad\/"]}]},{"@type":"BreadcrumbList","@id":"https:\/\/personaltrail.es\/politica-de-privacidad\/#breadcrumb","itemListElement":[{"@type":"ListItem","position":1,"name":"Portada","item":"https:\/\/personaltrail.es\/"},{"@type":"ListItem","position":2,"name":"Pol\u00edtica de privacidad"}]},{"@type":"WebSite","@id":"https:\/\/personaltrail.es\/#website","url":"https:\/\/personaltrail.es\/","name":"Personal Trail, cursos de moto offroad: Enduro, Trail, Motocross","description":"Personal Trail: cursos de Enduro, Trail y Motocross","publisher":{"@id":"https:\/\/personaltrail.es\/#organization"},"potentialAction":[{"@type":"SearchAction","target":{"@type":"EntryPoint","urlTemplate":"https:\/\/personaltrail.es\/?s={search_term_string}"},"query-input":{"@type":"PropertyValueSpecification","valueRequired":true,"valueName":"search_term_string"}}],"inLanguage":"en-GB"},{"@type":"Organization","@id":"https:\/\/personaltrail.es\/#organization","name":"Personal Enduro: cursos de Enduro, Trail y Motocross","url":"https:\/\/personaltrail.es\/","logo":{"@type":"ImageObject","inLanguage":"en-GB","@id":"https:\/\/personaltrail.es\/#\/schema\/logo\/image\/","url":"https:\/\/personaltrail.es\/wp-content\/uploads\/2021\/03\/LogoPersonalEnduroSucio.png","contentUrl":"https:\/\/personaltrail.es\/wp-content\/uploads\/2021\/03\/LogoPersonalEnduroSucio.png","width":1538,"height":400,"caption":"Personal Enduro: cursos de Enduro, Trail y Motocross"},"image":{"@id":"https:\/\/personaltrail.es\/#\/schema\/logo\/image\/"},"sameAs":["http:\/\/www.facebook.com\/PersonalEnduro","https:\/\/www.youtube.com\/user\/PersonalEnduro"]}]}},"_links":{"self":[{"href":"https:\/\/personaltrail.es\/en\/wp-json\/wp\/v2\/pages\/3821","targetHints":{"allow":["GET"]}}],"collection":[{"href":"https:\/\/personaltrail.es\/en\/wp-json\/wp\/v2\/pages"}],"about":[{"href":"https:\/\/personaltrail.es\/en\/wp-json\/wp\/v2\/types\/page"}],"author":[{"embeddable":true,"href":"https:\/\/personaltrail.es\/en\/wp-json\/wp\/v2\/users\/1"}],"replies":[{"embeddable":true,"href":"https:\/\/personaltrail.es\/en\/wp-json\/wp\/v2\/comments?post=3821"}],"version-history":[{"count":4,"href":"https:\/\/personaltrail.es\/en\/wp-json\/wp\/v2\/pages\/3821\/revisions"}],"predecessor-version":[{"id":3825,"href":"https:\/\/personaltrail.es\/en\/wp-json\/wp\/v2\/pages\/3821\/revisions\/3825"}],"wp:attachment":[{"href":"https:\/\/personaltrail.es\/en\/wp-json\/wp\/v2\/media?parent=3821"}],"wp:term":[{"taxonomy":"category","embeddable":true,"href":"https:\/\/personaltrail.es\/en\/wp-json\/wp\/v2\/categories?post=3821"},{"taxonomy":"post_tag","embeddable":true,"href":"https:\/\/personaltrail.es\/en\/wp-json\/wp\/v2\/tags?post=3821"}],"curies":[{"name":"wp","href":"https:\/\/api.w.org\/{rel}","templated":true}]}}