{"id":3826,"date":"2021-06-27T17:13:25","date_gmt":"2021-06-27T15:13:25","guid":{"rendered":"https:\/\/test.personaltrail.jimenezhidalgo.es\/?page_id=3826"},"modified":"2021-06-27T17:14:15","modified_gmt":"2021-06-27T15:14:15","slug":"condiciones-de-uso","status":"publish","type":"page","link":"https:\/\/personaltrail.es\/en\/condiciones-de-uso\/","title":{"rendered":"Terms of use"},"content":{"rendered":"<div data-elementor-type=\"wp-page\" data-elementor-id=\"3826\" class=\"elementor elementor-3826\" data-elementor-post-type=\"page\">\n\t\t\t\t\t\t<section class=\"elementor-section elementor-top-section elementor-element elementor-element-0c54158 elementor-section-boxed elementor-section-height-default elementor-section-height-default\" data-id=\"0c54158\" data-element_type=\"section\" data-e-type=\"section\">\n\t\t\t\t\t\t<div class=\"elementor-container elementor-column-gap-default\">\n\t\t\t\t\t<div class=\"elementor-column elementor-col-100 elementor-top-column elementor-element elementor-element-cf9d366\" data-id=\"cf9d366\" data-element_type=\"column\" data-e-type=\"column\">\n\t\t\t<div class=\"elementor-widget-wrap elementor-element-populated\">\n\t\t\t\t\t\t<div class=\"elementor-element elementor-element-9b941eb elementor-widget elementor-widget-text-editor\" data-id=\"9b941eb\" data-element_type=\"widget\" data-e-type=\"widget\" data-widget_type=\"text-editor.default\">\n\t\t\t\t<div class=\"elementor-widget-container\">\n\t\t\t\t\t\t\t\t\t<h2><b>Terms of use<\/b><\/h2><p><span style=\"font-weight: 400;\">Activities Sobre Ruedas SC with NIF\/CIF J19332188 and address at Calle Santiago Ap\u00f3stol 3, Guadalajara CP 19193. Cannot assume any responsibility derived from the incorrect, inappropriate or illicit use of the information that appears on the Internet pages of www.personaltrail.com.<\/span><\/p><p><span style=\"font-weight: 400;\">With the limits established by law, Activities on Wheels does not assume any responsibility derived from the lack of veracity, integrity, updating and precision of the data or information contained on its Internet pages at www.personaltrail.com.<\/span><\/p><p><span style=\"font-weight: 400;\">The contents and information do not bind Activities on Wheels nor do they constitute opinions, advice or legal advice of any kind as it is merely a service offered for informational and informative purposes.<\/span><\/p><p><span style=\"font-weight: 400;\">The Internet pages of www.personaltrail.com may contain links to other third-party pages that Activities on Wheels cannot control. Therefore, the company cannot assume responsibility for the content that may appear on third-party pages.<\/span><\/p><p><span style=\"font-weight: 400;\">The texts, images, sounds, animations, software and other content included on this website are the exclusive property of Activities on Wheels or its licensors. Any act of transmission, distribution, transfer, reproduction, storage or total or partial public communication must have the express consent of Activities on Wheels.<\/span><\/p><p><span style=\"font-weight: 400;\">Likewise, to access some of the services that Activities on Wheels offers through the website, you must provide some personal data. In compliance with the provisions of Regulation (EU) 2016\/679 of the European Parliament and of the Council, of April 27, 2016, regarding the protection of natural persons with regard to the processing of personal data and the free movement of With these data we inform you that, by completing these forms, your personal data will be incorporated and will be processed in the files of Activities on Wheels, in order to be able to provide and offer you our services as well as to inform you of the improvements to the website. . Likewise, we inform you of the possibility of exercising your rights of access, rectification, cancellation and opposition of your personal data, free of charge by email to info@personaltrail.es or at the address Calle Santiago Ap\u00f3stol 3 CP 19193, Guadalajara.<\/span><\/p>\t\t\t\t\t\t\t\t<\/div>\n\t\t\t\t<\/div>\n\t\t\t\t\t<\/div>\n\t\t<\/div>\n\t\t\t\t\t<\/div>\n\t\t<\/section>\n\t\t\t\t<\/div>","protected":false},"excerpt":{"rendered":"<p>Terms of Use: Actividades Sobre Ruedas SC, with Tax ID No. J19332188 and address at Calle Santiago Ap\u00f3stol 3, Guadalajara, CP 19193, cannot assume any liability arising from the incorrect, inappropriate, or unlawful use of the information appearing on the www.personaltrail.com website. Within the limits established by law, Actividades Sobre Ruedas does not assume any liability for any misuse, misuse, or unlawful use of the information appearing on the website.<\/p>","protected":false},"author":1,"featured_media":0,"parent":0,"menu_order":0,"comment_status":"closed","ping_status":"closed","template":"","meta":{"_editorskit_title_hidden":false,"_editorskit_reading_time":0,"_editorskit_is_block_options_detached":false,"_editorskit_block_options_position":"{}","footnotes":""},"categories":[],"tags":[],"class_list":["post-3826","page","type-page","status-publish","hentry"],"yoast_head":"<!-- This site is optimized with the Yoast SEO plugin v27.4 - https:\/\/yoast.com\/product\/yoast-seo-wordpress\/ -->\n<title>Condiciones de uso - Personal Trail, cursos de moto offroad: Enduro, Trail, Motocross<\/title>\n<meta name=\"robots\" content=\"index, follow, max-snippet:-1, max-image-preview:large, max-video-preview:-1\" \/>\n<link rel=\"canonical\" href=\"https:\/\/personaltrail.es\/en\/condiciones-de-uso\/\" \/>\n<meta property=\"og:locale\" content=\"en_GB\" \/>\n<meta property=\"og:type\" content=\"article\" \/>\n<meta property=\"og:title\" content=\"Condiciones de uso - Personal Trail, cursos de moto offroad: Enduro, Trail, Motocross\" \/>\n<meta property=\"og:description\" content=\"Condiciones de uso Actividades Sobre Ruedas SC con NIF\/CIF J19332188 y direcci\u00f3n en Calle Santiago Ap\u00f3stol 3, Guadalajara CP 19193. No puede asumir ninguna responsabilidad derivada del uso incorrecto, inapropiado o il\u00edcito de la informaci\u00f3n aparecida en las p\u00e1ginas de Internet de www.personaltrail.com. Con los l\u00edmites establecidos en la ley, Actividades Sobre Ruedas no asume [&hellip;]\" \/>\n<meta property=\"og:url\" content=\"https:\/\/personaltrail.es\/en\/condiciones-de-uso\/\" \/>\n<meta property=\"og:site_name\" content=\"Personal Trail, cursos de moto offroad: Enduro, Trail, Motocross\" \/>\n<meta property=\"article:publisher\" content=\"http:\/\/www.facebook.com\/PersonalEnduro\" \/>\n<meta property=\"article:modified_time\" content=\"2021-06-27T15:14:15+00:00\" \/>\n<meta name=\"twitter:card\" content=\"summary_large_image\" \/>\n<meta name=\"twitter:label1\" content=\"Estimated reading time\" \/>\n\t<meta name=\"twitter:data1\" content=\"2 minutes\" \/>\n<script type=\"application\/ld+json\" class=\"yoast-schema-graph\">{\"@context\":\"https:\\\/\\\/schema.org\",\"@graph\":[{\"@type\":\"WebPage\",\"@id\":\"https:\\\/\\\/personaltrail.es\\\/condiciones-de-uso\\\/\",\"url\":\"https:\\\/\\\/personaltrail.es\\\/condiciones-de-uso\\\/\",\"name\":\"Condiciones de uso - Personal Trail, cursos de moto offroad: Enduro, Trail, Motocross\",\"isPartOf\":{\"@id\":\"https:\\\/\\\/personaltrail.es\\\/#website\"},\"datePublished\":\"2021-06-27T15:13:25+00:00\",\"dateModified\":\"2021-06-27T15:14:15+00:00\",\"breadcrumb\":{\"@id\":\"https:\\\/\\\/personaltrail.es\\\/condiciones-de-uso\\\/#breadcrumb\"},\"inLanguage\":\"en-GB\",\"potentialAction\":[{\"@type\":\"ReadAction\",\"target\":[\"https:\\\/\\\/personaltrail.es\\\/condiciones-de-uso\\\/\"]}]},{\"@type\":\"BreadcrumbList\",\"@id\":\"https:\\\/\\\/personaltrail.es\\\/condiciones-de-uso\\\/#breadcrumb\",\"itemListElement\":[{\"@type\":\"ListItem\",\"position\":1,\"name\":\"Portada\",\"item\":\"https:\\\/\\\/personaltrail.es\\\/\"},{\"@type\":\"ListItem\",\"position\":2,\"name\":\"Condiciones de uso\"}]},{\"@type\":\"WebSite\",\"@id\":\"https:\\\/\\\/personaltrail.es\\\/#website\",\"url\":\"https:\\\/\\\/personaltrail.es\\\/\",\"name\":\"Personal Trail, cursos de moto offroad: Enduro, Trail, Motocross\",\"description\":\"Personal Trail: cursos de Enduro, Trail y Motocross\",\"publisher\":{\"@id\":\"https:\\\/\\\/personaltrail.es\\\/#organization\"},\"potentialAction\":[{\"@type\":\"SearchAction\",\"target\":{\"@type\":\"EntryPoint\",\"urlTemplate\":\"https:\\\/\\\/personaltrail.es\\\/?s={search_term_string}\"},\"query-input\":{\"@type\":\"PropertyValueSpecification\",\"valueRequired\":true,\"valueName\":\"search_term_string\"}}],\"inLanguage\":\"en-GB\"},{\"@type\":\"Organization\",\"@id\":\"https:\\\/\\\/personaltrail.es\\\/#organization\",\"name\":\"Personal Enduro: cursos de Enduro, Trail y Motocross\",\"url\":\"https:\\\/\\\/personaltrail.es\\\/\",\"logo\":{\"@type\":\"ImageObject\",\"inLanguage\":\"en-GB\",\"@id\":\"https:\\\/\\\/personaltrail.es\\\/#\\\/schema\\\/logo\\\/image\\\/\",\"url\":\"https:\\\/\\\/personaltrail.es\\\/wp-content\\\/uploads\\\/2021\\\/03\\\/LogoPersonalEnduroSucio.png\",\"contentUrl\":\"https:\\\/\\\/personaltrail.es\\\/wp-content\\\/uploads\\\/2021\\\/03\\\/LogoPersonalEnduroSucio.png\",\"width\":1538,\"height\":400,\"caption\":\"Personal Enduro: cursos de Enduro, Trail y Motocross\"},\"image\":{\"@id\":\"https:\\\/\\\/personaltrail.es\\\/#\\\/schema\\\/logo\\\/image\\\/\"},\"sameAs\":[\"http:\\\/\\\/www.facebook.com\\\/PersonalEnduro\",\"https:\\\/\\\/www.youtube.com\\\/user\\\/PersonalEnduro\"]}]}<\/script>\n<!-- \/ Yoast SEO plugin. -->","yoast_head_json":{"title":"Condiciones de uso - Personal Trail, cursos de moto offroad: Enduro, Trail, Motocross","robots":{"index":"index","follow":"follow","max-snippet":"max-snippet:-1","max-image-preview":"max-image-preview:large","max-video-preview":"max-video-preview:-1"},"canonical":"https:\/\/personaltrail.es\/en\/condiciones-de-uso\/","og_locale":"en_GB","og_type":"article","og_title":"Condiciones de uso - Personal Trail, cursos de moto offroad: Enduro, Trail, Motocross","og_description":"Condiciones de uso Actividades Sobre Ruedas SC con NIF\/CIF J19332188 y direcci\u00f3n en Calle Santiago Ap\u00f3stol 3, Guadalajara CP 19193. No puede asumir ninguna responsabilidad derivada del uso incorrecto, inapropiado o il\u00edcito de la informaci\u00f3n aparecida en las p\u00e1ginas de Internet de www.personaltrail.com. Con los l\u00edmites establecidos en la ley, Actividades Sobre Ruedas no asume [&hellip;]","og_url":"https:\/\/personaltrail.es\/en\/condiciones-de-uso\/","og_site_name":"Personal Trail, cursos de moto offroad: Enduro, Trail, Motocross","article_publisher":"http:\/\/www.facebook.com\/PersonalEnduro","article_modified_time":"2021-06-27T15:14:15+00:00","twitter_card":"summary_large_image","twitter_misc":{"Estimated reading time":"2 minutes"},"schema":{"@context":"https:\/\/schema.org","@graph":[{"@type":"WebPage","@id":"https:\/\/personaltrail.es\/condiciones-de-uso\/","url":"https:\/\/personaltrail.es\/condiciones-de-uso\/","name":"Condiciones de uso - Personal Trail, cursos de moto offroad: Enduro, Trail, Motocross","isPartOf":{"@id":"https:\/\/personaltrail.es\/#website"},"datePublished":"2021-06-27T15:13:25+00:00","dateModified":"2021-06-27T15:14:15+00:00","breadcrumb":{"@id":"https:\/\/personaltrail.es\/condiciones-de-uso\/#breadcrumb"},"inLanguage":"en-GB","potentialAction":[{"@type":"ReadAction","target":["https:\/\/personaltrail.es\/condiciones-de-uso\/"]}]},{"@type":"BreadcrumbList","@id":"https:\/\/personaltrail.es\/condiciones-de-uso\/#breadcrumb","itemListElement":[{"@type":"ListItem","position":1,"name":"Portada","item":"https:\/\/personaltrail.es\/"},{"@type":"ListItem","position":2,"name":"Condiciones de uso"}]},{"@type":"WebSite","@id":"https:\/\/personaltrail.es\/#website","url":"https:\/\/personaltrail.es\/","name":"Personal Trail, cursos de moto offroad: Enduro, Trail, Motocross","description":"Personal Trail: cursos de Enduro, Trail y Motocross","publisher":{"@id":"https:\/\/personaltrail.es\/#organization"},"potentialAction":[{"@type":"SearchAction","target":{"@type":"EntryPoint","urlTemplate":"https:\/\/personaltrail.es\/?s={search_term_string}"},"query-input":{"@type":"PropertyValueSpecification","valueRequired":true,"valueName":"search_term_string"}}],"inLanguage":"en-GB"},{"@type":"Organization","@id":"https:\/\/personaltrail.es\/#organization","name":"Personal Enduro: cursos de Enduro, Trail y Motocross","url":"https:\/\/personaltrail.es\/","logo":{"@type":"ImageObject","inLanguage":"en-GB","@id":"https:\/\/personaltrail.es\/#\/schema\/logo\/image\/","url":"https:\/\/personaltrail.es\/wp-content\/uploads\/2021\/03\/LogoPersonalEnduroSucio.png","contentUrl":"https:\/\/personaltrail.es\/wp-content\/uploads\/2021\/03\/LogoPersonalEnduroSucio.png","width":1538,"height":400,"caption":"Personal Enduro: cursos de Enduro, Trail y Motocross"},"image":{"@id":"https:\/\/personaltrail.es\/#\/schema\/logo\/image\/"},"sameAs":["http:\/\/www.facebook.com\/PersonalEnduro","https:\/\/www.youtube.com\/user\/PersonalEnduro"]}]}},"_links":{"self":[{"href":"https:\/\/personaltrail.es\/en\/wp-json\/wp\/v2\/pages\/3826","targetHints":{"allow":["GET"]}}],"collection":[{"href":"https:\/\/personaltrail.es\/en\/wp-json\/wp\/v2\/pages"}],"about":[{"href":"https:\/\/personaltrail.es\/en\/wp-json\/wp\/v2\/types\/page"}],"author":[{"embeddable":true,"href":"https:\/\/personaltrail.es\/en\/wp-json\/wp\/v2\/users\/1"}],"replies":[{"embeddable":true,"href":"https:\/\/personaltrail.es\/en\/wp-json\/wp\/v2\/comments?post=3826"}],"version-history":[{"count":4,"href":"https:\/\/personaltrail.es\/en\/wp-json\/wp\/v2\/pages\/3826\/revisions"}],"predecessor-version":[{"id":3831,"href":"https:\/\/personaltrail.es\/en\/wp-json\/wp\/v2\/pages\/3826\/revisions\/3831"}],"wp:attachment":[{"href":"https:\/\/personaltrail.es\/en\/wp-json\/wp\/v2\/media?parent=3826"}],"wp:term":[{"taxonomy":"category","embeddable":true,"href":"https:\/\/personaltrail.es\/en\/wp-json\/wp\/v2\/categories?post=3826"},{"taxonomy":"post_tag","embeddable":true,"href":"https:\/\/personaltrail.es\/en\/wp-json\/wp\/v2\/tags?post=3826"}],"curies":[{"name":"wp","href":"https:\/\/api.w.org\/{rel}","templated":true}]}}